{"id":7,"date":"2021-07-04T11:54:50","date_gmt":"2021-07-04T14:54:50","guid":{"rendered":"http:\/\/beerbrand.com.br\/?page_id=7"},"modified":"2026-03-31T10:11:57","modified_gmt":"2026-03-31T13:11:57","slug":"home","status":"publish","type":"page","link":"https:\/\/www.beerbrand.com.br\/","title":{"rendered":"Beer Brand &#8211; Cervejas Personalizadas"},"content":{"rendered":"\n<div class=\"wp-block-cover alignfull has-nv-dark-bg-background-color has-background-dim\" style=\"min-height:700px\"><div class=\"wp-block-cover__inner-container\">\n<div style=\"height:28px\" aria-hidden=\"true\" class=\"wp-block-spacer\"><\/div>\n\n\n\n<div class=\"wp-block-group\"><div class=\"wp-block-group__inner-container\">\n<div class=\"wp-block-columns are-vertically-aligned-center\">\n<div class=\"wp-block-column is-vertically-aligned-center\" style=\"flex-basis:50%\">\n<figure class=\"wp-block-image size-large\"><img loading=\"lazy\" width=\"1024\" height=\"1024\" src=\"https:\/\/www.beerbrand.com.br\/wp-content\/uploads\/2022\/11\/Untitled-design-1-1024x1024.png\" alt=\"\" class=\"wp-image-69\" srcset=\"https:\/\/www.beerbrand.com.br\/wp-content\/uploads\/2022\/11\/Untitled-design-1-1024x1024.png 1024w, https:\/\/www.beerbrand.com.br\/wp-content\/uploads\/2022\/11\/Untitled-design-1-300x300.png 300w, https:\/\/www.beerbrand.com.br\/wp-content\/uploads\/2022\/11\/Untitled-design-1-150x150.png 150w, https:\/\/www.beerbrand.com.br\/wp-content\/uploads\/2022\/11\/Untitled-design-1-768x768.png 768w, https:\/\/www.beerbrand.com.br\/wp-content\/uploads\/2022\/11\/Untitled-design-1.png 1080w\" sizes=\"(max-width: 1024px) 100vw, 1024px\" \/><\/figure>\n\n\n\n<p><\/p>\n<\/div>\n\n\n\n<div class=\"wp-block-column is-vertically-aligned-center\" style=\"flex-basis:50%\">\n<h2 class=\"has-text-align-left has-nv-text-dark-bg-color has-text-color\">Produtos especiais que agregam valor \u00e0 sua <strong>marca<\/strong>.<\/h2>\n\n\n\n<p class=\"has-text-align-left has-nv-text-dark-bg-color has-text-color\" style=\"font-size:17px\">\ud83d\udce2 Fale conosco e saiba mais sobre esta \u00f3tima oportunidade de impressionar seus clientes ou colaboradores.<\/p>\n\n\n\n<div style=\"height:34px\" aria-hidden=\"true\" class=\"wp-block-spacer\"><\/div>\n\n\n\n<div class=\"wp-block-columns\">\n<div class=\"wp-block-column\" style=\"flex-basis:100%\">\n<div class=\"wp-block-buttons alignwide is-content-justification-center is-vertical\">\n<div class=\"wp-block-button is-style-primary btnPrincipalEsquerda\"><a class=\"wp-block-button__link has-nv-text-dark-bg-color has-text-color has-background\" href=\"https:\/\/api.whatsapp.com\/send?phone=5519981157459&amp;text=Gostaria%20de%20saber%20mais%20sobre%20as%20*Cervejas%20Personalizadas*\" style=\"border-radius:10px;background-color:#d90000\" target=\"_blank\" rel=\"noreferrer noopener\">\ud83c\udf7a QUERO UM OR\u00c7AMENTO!<\/a><\/div>\n\n\n\n<div class=\"wp-block-button is-style-primary btnPrincipalDireita\"><a class=\"wp-block-button__link has-neve-link-color-color has-neve-link-hover-color-background-color has-text-color has-background\" href=\"https:\/\/www.beerbrand.com.br\/?page_id=11\" style=\"border-radius:10px\" target=\"_blank\" rel=\"noreferrer noopener\">conhe\u00e7a nossas cervejas<\/a><\/div>\n<\/div>\n<\/div>\n<\/div>\n\n\n\n<p><\/p>\n<\/div>\n<\/div>\n\n\n\n<h2 class=\"has-text-align-center\" style=\"font-size:18px\"><span class=\"has-inline-color has-neve-link-hover-color-color\"><strong>CERVEJA COM O SEU LOGO<\/strong>.<\/span><\/h2>\n\n\n\n<h2 class=\"has-text-align-center\" style=\"font-size:18px\"><span class=\"has-inline-color has-neve-link-hover-color-color\">Associe sua<strong> Marca ou Evento<\/strong> \u00e0 uma experi\u00eancia memor\u00e1vel.<\/span><\/h2>\n\n\n\n<div style=\"height:27px\" aria-hidden=\"true\" class=\"wp-block-spacer\"><\/div>\n<\/div><\/div>\n<\/div><\/div>\n\n\n\n<div style=\"height:27px\" aria-hidden=\"true\" class=\"wp-block-spacer\"><\/div>\n\n\n\n<div class=\"wp-block-columns\">\n<div class=\"wp-block-column\" style=\"flex-basis:100%\">\n<div class=\"wp-block-columns\">\n<div class=\"wp-block-column\">\n<div class=\"wp-block-image icon-style is-style-default\"><figure class=\"aligncenter size-large is-resized\"><img loading=\"lazy\" src=\"http:\/\/beerbrand.com.br\/wp-content\/uploads\/2021\/07\/beer.png\" alt=\"\" class=\"wp-image-39\" width=\"60\" height=\"60\" srcset=\"https:\/\/www.beerbrand.com.br\/wp-content\/uploads\/2021\/07\/beer.png 512w, https:\/\/www.beerbrand.com.br\/wp-content\/uploads\/2021\/07\/beer-300x300.png 300w, https:\/\/www.beerbrand.com.br\/wp-content\/uploads\/2021\/07\/beer-150x150.png 150w\" sizes=\"(max-width: 60px) 100vw, 60px\" \/><\/figure><\/div>\n\n\n\n<h3 class=\"has-text-align-center has-neve-text-color-color has-text-color\">1. Qual Cerveja?<\/h3>\n\n\n\n<p class=\"has-text-align-center\">Escolha o seu <strong>estilo de cerveja favorito<\/strong> dentre as dispon\u00edveis em nosso portif\u00f3lio.<\/p>\n\n\n\n<div style=\"height:20px\" aria-hidden=\"true\" class=\"wp-block-spacer\"><\/div>\n<\/div>\n\n\n\n<div class=\"wp-block-column\">\n<div class=\"wp-block-image icon-style is-style-rounded\"><figure class=\"aligncenter size-large is-resized\"><img loading=\"lazy\" src=\"https:\/\/www.beerbrand.com.br\/wp-content\/uploads\/2022\/11\/beer-box.png\" alt=\"\" class=\"wp-image-92\" width=\"60\" height=\"60\" srcset=\"https:\/\/www.beerbrand.com.br\/wp-content\/uploads\/2022\/11\/beer-box.png 728w, https:\/\/www.beerbrand.com.br\/wp-content\/uploads\/2022\/11\/beer-box-300x300.png 300w, https:\/\/www.beerbrand.com.br\/wp-content\/uploads\/2022\/11\/beer-box-150x150.png 150w\" sizes=\"(max-width: 60px) 100vw, 60px\" \/><\/figure><\/div>\n\n\n\n<h3 class=\"has-text-align-center has-neve-text-color-color has-text-color\">2. Quantidade<\/h3>\n\n\n\n<p class=\"has-text-align-center\">Defina a embalagem (<strong>Lata ou Garrafa<\/strong>) e a quantidade desejada (min. 48 unidades).<\/p>\n\n\n\n<div style=\"height:20px\" aria-hidden=\"true\" class=\"wp-block-spacer\"><\/div>\n<\/div>\n\n\n\n<div class=\"wp-block-column\">\n<div class=\"wp-block-image icon-style is-style-rounded\"><figure class=\"aligncenter size-large is-resized\"><img loading=\"lazy\" src=\"https:\/\/www.beerbrand.com.br\/wp-content\/uploads\/2022\/11\/label-1.png\" alt=\"\" class=\"wp-image-95\" width=\"60\" height=\"60\" srcset=\"https:\/\/www.beerbrand.com.br\/wp-content\/uploads\/2022\/11\/label-1.png 512w, https:\/\/www.beerbrand.com.br\/wp-content\/uploads\/2022\/11\/label-1-300x300.png 300w, https:\/\/www.beerbrand.com.br\/wp-content\/uploads\/2022\/11\/label-1-150x150.png 150w\" sizes=\"(max-width: 60px) 100vw, 60px\" \/><\/figure><\/div>\n\n\n\n<h3 class=\"has-text-align-center has-neve-text-color-color has-text-color\">3. R\u00f3tulo<\/h3>\n\n\n\n<p class=\"has-text-align-center\">Envie seu nome\/logo ou <strong>solicite o desenvolvimento de uma arte exclusiva<\/strong>.<\/p>\n\n\n\n<div style=\"height:20px\" aria-hidden=\"true\" class=\"wp-block-spacer\"><\/div>\n<\/div>\n\n\n\n<div class=\"wp-block-column\">\n<div class=\"wp-block-image icon-style is-style-default\"><figure class=\"aligncenter is-resized\"><img loading=\"lazy\" src=\"http:\/\/beerbrand.com.br\/wp-content\/themes\/neve\/assets\/img\/starter-content\/icon-03.svg\" alt=\"\" width=\"60\" height=\"60\"\/><\/figure><\/div>\n\n\n\n<h3 class=\"has-text-align-center has-neve-text-color-color has-text-color\">4. Pronto!<\/h3>\n\n\n\n<p class=\"has-text-align-center\">Finalize seu pedido e suas cervejas ser\u00e3o<strong> produzidas com carinho e enviadas at\u00e9 voc\u00ea.<\/strong><\/p>\n\n\n\n<div style=\"height:20px\" aria-hidden=\"true\" class=\"wp-block-spacer\"><\/div>\n<\/div>\n<\/div>\n<\/div>\n<\/div>\n\n\n\n<p class=\"has-text-align-center\" style=\"font-size:23px\">Cerveja Artesanal Personalizada: <strong>sua marca<\/strong> com experi\u00eancia <strong>Premium<\/strong>.<\/p>\n\n\n\n<div style=\"height:36px\" aria-hidden=\"true\" class=\"wp-block-spacer\"><\/div>\n\n\n\n<div class=\"wp-block-columns\">\n<div class=\"wp-block-column\">\n<div class=\"wp-block-buttons is-content-justification-center\">\n<div class=\"wp-block-button is-style-primary\"><a class=\"wp-block-button__link\" href=\"https:\/\/api.whatsapp.com\/send?phone=5519981157459&amp;text=Gostaria%20de%20saber%20mais%20sobre%20as%20*Cervejas%20Personalizadas*\" style=\"border-radius:10px\">clique aqui para um or\u00e7amento<\/a><\/div>\n<\/div>\n<\/div>\n<\/div>\n\n\n\n<div style=\"height:34px\" aria-hidden=\"true\" class=\"wp-block-spacer\"><\/div>\n\n\n\n<div class=\"wp-block-cover alignfull has-nv-dark-bg-background-color has-background-dim\" style=\"min-height:300px\"><div class=\"wp-block-cover__inner-container\">\n<div style=\"height:50px\" aria-hidden=\"true\" class=\"wp-block-spacer\"><\/div>\n\n\n\n<p class=\"has-text-align-center has-medium-font-size\">Fa\u00e7a a sua cerveja com r\u00f3tulos personalizados para presentes, brindes corporativos, brinde para seus vendedores, lembran\u00e7a de casamento ou anivers\u00e1rios e para tudo aquilo que queira causar uma boa impress\u00e3o e proporcional uma experi\u00eancia associada a sua marca ou ao seu evento. <\/p>\n\n\n\n<div style=\"height:63px\" aria-hidden=\"true\" class=\"wp-block-spacer\"><\/div>\n\n\n\n<div class=\"wp-block-image\"><figure class=\"aligncenter size-large is-resized\"><img src=\"https:\/\/www.beerbrand.com.br\/wp-content\/uploads\/2021\/07\/simbolo-linhas-amarelo-1.png\" alt=\"\" class=\"wp-image-48\" width=\"140\" srcset=\"https:\/\/www.beerbrand.com.br\/wp-content\/uploads\/2021\/07\/simbolo-linhas-amarelo-1.png 800w, https:\/\/www.beerbrand.com.br\/wp-content\/uploads\/2021\/07\/simbolo-linhas-amarelo-1-272x300.png 272w, https:\/\/www.beerbrand.com.br\/wp-content\/uploads\/2021\/07\/simbolo-linhas-amarelo-1-768x846.png 768w\" sizes=\"(max-width: 800px) 100vw, 800px\" \/><\/figure><\/div>\n\n\n\n<div style=\"height:27px\" aria-hidden=\"true\" class=\"wp-block-spacer\"><\/div>\n\n\n\n<h2 class=\"has-text-align-center has-nv-text-dark-bg-color has-text-color\">Fale conosco e nos conte sobre seu projeto.<\/h2>\n\n\n\n<p class=\"has-text-align-center has-medium-font-size\">Vamos trabalhar juntos para fazer o seu projeto de cerveja sair do papel?<\/p>\n\n\n\n<div class=\"wp-block-buttons is-content-justification-center\">\n<div class=\"wp-block-button is-style-primary btnProjeto\"><a class=\"wp-block-button__link\" href=\"https:\/\/api.whatsapp.com\/send?phone=5519981157459&amp;text=Gostaria%20de%20saber%20mais%20sobre%20as%20*Cervejas%20Personalizadas*\">fale conosco<\/a><\/div>\n<\/div>\n\n\n\n<div style=\"height:66px\" aria-hidden=\"true\" class=\"wp-block-spacer\"><\/div>\n\n\n\n<p class=\"has-text-align-center\"><small><a href=\"http:\/\/www.kalangocervejaria.com.br\" target=\"_blank\" rel=\"noreferrer noopener\" title=\"KALANGO CERVEJARIA ARTESANAL LTDA.&nbsp; CNPJ 09.141.500\/0001-18 \u2013 AMERICANA\/SP\"><span class=\"has-inline-color has-nv-site-bg-color\">KALANGO CERVEJARIA ARTESANAL LTDA.&nbsp; CNPJ 09.141.500\/0001-18 \u2013 AMERICANA\/SP<\/span><\/a><\/small><\/p>\n\n\n\n<p class=\"has-text-align-center\"><small><strong>PROIBIDO A VENDA E CONSUMO DE BEBIDAS ALCO\u00d3LICAS PARA MENORES DE 18 ANOS.<\/strong><\/small> <strong>BEBA COM MODERA\u00c7\u00c3O<\/strong><\/p>\n<\/div><\/div>\n\n\n\n<p><\/p>\n","protected":false},"excerpt":{"rendered":"<p>Cerveja Artesanal Personalizada: sua marca com experi\u00eancia Premium.<\/p>\n","protected":false},"author":1,"featured_media":0,"parent":0,"menu_order":0,"comment_status":"closed","ping_status":"closed","template":"","meta":{"om_disable_all_campaigns":false,"neve_meta_sidebar":"","neve_meta_container":"","neve_meta_enable_content_width":"on","neve_meta_content_width":100,"neve_meta_title_alignment":"","neve_meta_author_avatar":"","neve_post_elements_order":"","neve_meta_disable_header":"","neve_meta_disable_footer":"","neve_meta_disable_title":"on"},"_links":{"self":[{"href":"https:\/\/www.beerbrand.com.br\/index.php?rest_route=\/wp\/v2\/pages\/7"}],"collection":[{"href":"https:\/\/www.beerbrand.com.br\/index.php?rest_route=\/wp\/v2\/pages"}],"about":[{"href":"https:\/\/www.beerbrand.com.br\/index.php?rest_route=\/wp\/v2\/types\/page"}],"author":[{"embeddable":true,"href":"https:\/\/www.beerbrand.com.br\/index.php?rest_route=\/wp\/v2\/users\/1"}],"replies":[{"embeddable":true,"href":"https:\/\/www.beerbrand.com.br\/index.php?rest_route=%2Fwp%2Fv2%2Fcomments&post=7"}],"version-history":[{"count":47,"href":"https:\/\/www.beerbrand.com.br\/index.php?rest_route=\/wp\/v2\/pages\/7\/revisions"}],"predecessor-version":[{"id":214,"href":"https:\/\/www.beerbrand.com.br\/index.php?rest_route=\/wp\/v2\/pages\/7\/revisions\/214"}],"wp:attachment":[{"href":"https:\/\/www.beerbrand.com.br\/index.php?rest_route=%2Fwp%2Fv2%2Fmedia&parent=7"}],"curies":[{"name":"wp","href":"https:\/\/api.w.org\/{rel}","templated":true}]}}