{"id":8,"date":"2021-07-04T11:54:50","date_gmt":"2021-07-04T14:54:50","guid":{"rendered":"http:\/\/beerbrand.com.br\/?page_id=8"},"modified":"2024-08-31T17:50:59","modified_gmt":"2024-08-31T20:50:59","slug":"quemsomos","status":"publish","type":"page","link":"https:\/\/www.beerbrand.com.br\/?page_id=8","title":{"rendered":"Quem Somos"},"content":{"rendered":"\n<div class=\"wp-block-cover alignfull has-nv-dark-bg-background-color has-background-dim\" style=\"min-height:600px\"><div class=\"wp-block-cover__inner-container\">\n<div class=\"wp-block-group\"><div class=\"wp-block-group__inner-container\">\n<div class=\"wp-block-columns are-vertically-aligned-center\">\n<div class=\"wp-block-column is-vertically-aligned-center\" style=\"flex-basis:50%\">\n<h2 class=\"has-nv-text-dark-bg-color has-text-color\"><strong>Beer Brand<\/strong>, cerveja com a sua marca.<\/h2>\n\n\n\n<p class=\"has-nv-text-dark-bg-color has-text-color\">Somos uma forma <strong>inovadora <\/strong>de trazer <strong>experi\u00eancia <\/strong>para a sua marca. Seja como produtos para compor seu portif\u00f3lio, merchandising, brindes ou a\u00e7\u00f5es de marketing que levem a experi\u00eacia de consumo associado a uma marca.<\/p>\n\n\n\n<p class=\"has-nv-text-dark-bg-color has-text-color\">Em parceria com a <a href=\"https:\/\/www.kalangocervejaria.com.br\" target=\"_blank\" rel=\"noreferrer noopener\" title=\"KALANGO CERVEJARIA\"><strong>KALANGO CERVEJARIA<\/strong><\/a>, localizada na cidade de Americana-SP, oferecemos produtos de excelente qualidade.<\/p>\n\n\n\n<p><\/p>\n\n\n\n<div class=\"wp-block-buttons\">\n<div class=\"wp-block-button is-style-primary\"><a class=\"wp-block-button__link\" href=\"https:\/\/instagram.com\/beerbrandbr\" target=\"_blank\" rel=\"noreferrer noopener\">INstagram<\/a><\/div>\n<\/div>\n\n\n\n<div style=\"height:20px\" aria-hidden=\"true\" class=\"wp-block-spacer\"><\/div>\n<\/div>\n\n\n\n<div class=\"wp-block-column is-vertically-aligned-center\" style=\"flex-basis:50%\">\n<figure class=\"wp-block-image size-large\"><img loading=\"lazy\" width=\"1024\" height=\"1024\" src=\"https:\/\/www.beerbrand.com.br\/wp-content\/uploads\/2022\/11\/Untitled-design-1-1024x1024.jpg\" alt=\"\" class=\"wp-image-99\" srcset=\"https:\/\/www.beerbrand.com.br\/wp-content\/uploads\/2022\/11\/Untitled-design-1-1024x1024.jpg 1024w, https:\/\/www.beerbrand.com.br\/wp-content\/uploads\/2022\/11\/Untitled-design-1-300x300.jpg 300w, https:\/\/www.beerbrand.com.br\/wp-content\/uploads\/2022\/11\/Untitled-design-1-150x150.jpg 150w, https:\/\/www.beerbrand.com.br\/wp-content\/uploads\/2022\/11\/Untitled-design-1-768x768.jpg 768w, https:\/\/www.beerbrand.com.br\/wp-content\/uploads\/2022\/11\/Untitled-design-1.jpg 1080w\" sizes=\"(max-width: 1024px) 100vw, 1024px\" \/><\/figure>\n<\/div>\n<\/div>\n<\/div><\/div>\n<\/div><\/div>\n","protected":false},"excerpt":{"rendered":"","protected":false},"author":1,"featured_media":0,"parent":0,"menu_order":0,"comment_status":"closed","ping_status":"closed","template":"","meta":{"om_disable_all_campaigns":false,"neve_meta_sidebar":"","neve_meta_container":"","neve_meta_enable_content_width":"on","neve_meta_content_width":100,"neve_meta_title_alignment":"","neve_meta_author_avatar":"","neve_post_elements_order":"","neve_meta_disable_header":"","neve_meta_disable_footer":"","neve_meta_disable_title":"on"},"_links":{"self":[{"href":"https:\/\/www.beerbrand.com.br\/index.php?rest_route=\/wp\/v2\/pages\/8"}],"collection":[{"href":"https:\/\/www.beerbrand.com.br\/index.php?rest_route=\/wp\/v2\/pages"}],"about":[{"href":"https:\/\/www.beerbrand.com.br\/index.php?rest_route=\/wp\/v2\/types\/page"}],"author":[{"embeddable":true,"href":"https:\/\/www.beerbrand.com.br\/index.php?rest_route=\/wp\/v2\/users\/1"}],"replies":[{"embeddable":true,"href":"https:\/\/www.beerbrand.com.br\/index.php?rest_route=%2Fwp%2Fv2%2Fcomments&post=8"}],"version-history":[{"count":7,"href":"https:\/\/www.beerbrand.com.br\/index.php?rest_route=\/wp\/v2\/pages\/8\/revisions"}],"predecessor-version":[{"id":175,"href":"https:\/\/www.beerbrand.com.br\/index.php?rest_route=\/wp\/v2\/pages\/8\/revisions\/175"}],"wp:attachment":[{"href":"https:\/\/www.beerbrand.com.br\/index.php?rest_route=%2Fwp%2Fv2%2Fmedia&parent=8"}],"curies":[{"name":"wp","href":"https:\/\/api.w.org\/{rel}","templated":true}]}}